{"id":583,"date":"2023-07-11T13:21:52","date_gmt":"2023-07-11T13:21:52","guid":{"rendered":"https:\/\/josefovschool.upol.cz\/?page_id=583"},"modified":"2023-07-11T13:28:46","modified_gmt":"2023-07-11T13:28:46","slug":"sound-topographies-josefov-fortress","status":"publish","type":"page","link":"https:\/\/josefovschool.upol.cz\/?page_id=583","title":{"rendered":"Sound Topographies @ Josefov Fortress"},"content":{"rendered":"\n<p><strong>July 21, 2023<\/strong><\/p>\n\n\n\n<p><strong>Eva Voz\u00e1rov\u00e1 &amp; Fero Kir\u00e1ly: Sound Topographies @ Josefov Fortress<\/strong><\/p>\n\n\n\n<p>Sound walk \/ Acoustic intervention<\/p>\n\n\n\n<p>Go out and listen. Sound Topographies are a series of site-specific events with a simple intention: to listen to the world and the soundscape that forms its acoustic exoskeleton. Listening creates space for new questions. By listening, we observe and study the acoustic manifestations of the landscape and its sound quality. We map the world, discover acoustic spaces, and seek connections with different fields of natural sciences and humanities.<\/p>\n\n\n\n<p>The Sound Topographies project has been developed by Slovak artists Eva Voz\u00e1rov\u00e1 and Fero Kir\u00e1ly since 2022 as a series of acoustic interventions created for various sonically interesting environments. It contributes to the theme of acoustic ecology\u2014the musical and sonic perception of the world. The project addresses our only world, which we all change much more and faster than all natural processes combined. It is also related to the contemplation of spaces historically designed and built for music and listening.<\/p>\n\n\n\n<p><strong>Fero Kir\u00e1ly<\/strong> is a musician, coder, and educator with a weakness for interdisciplinary projects. He is the co-founder of JAMA and the ooo Association. Although he is best known as a piano performer of contemporary classical music (Philip Glass, Steve Reich, etc.) and a founding member of the Cluster ensemble, he also has a keen interest in open-source digital technologies, sound art, and various overlapping art forms.<\/p>\n\n\n\n<p><strong>Eva Voz\u00e1rov\u00e1<\/strong> is a freelance dramaturg, performer, and cultural manager. She co-founded the art association ooo and the intermedia project JAMA in the context of the personality of Milan Adam\u010diak, where she curates and creates sound art and intermedia art.<\/p>\n\n\n\n<p>Concept and realization: Eva Voz\u00e1rov\u00e1, Fero Kir\u00e1ly<\/p>\n\n\n\n<p>Duration: approximately 50 minutes<\/p>\n\n\n\n<p>Website: <a href=\"http:\/\/www.zdruzenie.ooo\" data-type=\"URL\" data-id=\"www.zdruzenie.ooo\">www.zdruzenie.ooo<\/a><\/p>\n\n\n\n<p><\/p>\n","protected":false},"excerpt":{"rendered":"<p>July 21, 2023 Eva Voz\u00e1rov\u00e1 &amp; Fero Kir\u00e1ly: Sound Topographies @ Josefov Fortress Sound walk \/ Acoustic intervention Go out and listen. Sound Topographies are&hellip;<\/p>\n","protected":false},"author":2,"featured_media":0,"parent":5,"menu_order":0,"comment_status":"closed","ping_status":"closed","template":"","meta":{"footnotes":""},"class_list":["post-583","page","type-page","status-publish","hentry"],"_links":{"self":[{"href":"https:\/\/josefovschool.upol.cz\/index.php?rest_route=\/wp\/v2\/pages\/583","targetHints":{"allow":["GET"]}}],"collection":[{"href":"https:\/\/josefovschool.upol.cz\/index.php?rest_route=\/wp\/v2\/pages"}],"about":[{"href":"https:\/\/josefovschool.upol.cz\/index.php?rest_route=\/wp\/v2\/types\/page"}],"author":[{"embeddable":true,"href":"https:\/\/josefovschool.upol.cz\/index.php?rest_route=\/wp\/v2\/users\/2"}],"replies":[{"embeddable":true,"href":"https:\/\/josefovschool.upol.cz\/index.php?rest_route=%2Fwp%2Fv2%2Fcomments&post=583"}],"version-history":[{"count":3,"href":"https:\/\/josefovschool.upol.cz\/index.php?rest_route=\/wp\/v2\/pages\/583\/revisions"}],"predecessor-version":[{"id":590,"href":"https:\/\/josefovschool.upol.cz\/index.php?rest_route=\/wp\/v2\/pages\/583\/revisions\/590"}],"up":[{"embeddable":true,"href":"https:\/\/josefovschool.upol.cz\/index.php?rest_route=\/wp\/v2\/pages\/5"}],"wp:attachment":[{"href":"https:\/\/josefovschool.upol.cz\/index.php?rest_route=%2Fwp%2Fv2%2Fmedia&parent=583"}],"curies":[{"name":"wp","href":"https:\/\/api.w.org\/{rel}","templated":true}]}}